{"id":8,"date":"2023-06-04T14:53:27","date_gmt":"2023-06-04T14:53:27","guid":{"rendered":"https:\/\/melstugg.com\/?page_id=8"},"modified":"2023-07-18T12:13:50","modified_gmt":"2023-07-18T15:13:50","slug":"terminos-y-condiciones","status":"publish","type":"page","link":"https:\/\/melstugg.com\/pt\/terminos-y-condiciones\/","title":{"rendered":"Termos e Condi\u00e7\u00f5es"},"content":{"rendered":"<div class=\"group w-full text-gray-800 dark:text-gray-100 border-b border-black\/10 dark:border-gray-900\/50 bg-gray-50 dark:bg-[#444654] sm:AIPRM__conversation__response\">\n<div class=\"flex p-4 gap-4 text-base md:gap-6 md:max-w-2xl lg:max-w-[38rem] xl:max-w-3xl md:py-6 lg:px-0 m-auto\">\n<div class=\"relative flex w-[calc(100%-50px)] flex-col gap-1 md:gap-3 lg:w-[calc(100%-115px)]\">\n<div class=\"flex flex-grow flex-col gap-3\">\n<div class=\"min-h-[20px] flex items-start overflow-x-auto whitespace-pre-wrap break-words flex-col gap-4\">\n<div class=\"markdown prose w-full break-words dark:prose-invert light AIPRM__conversation__response\">\n<ol>\n<li>\n<h6>T\u00e9rminos<\/h6>\n<\/li>\n<\/ol>\n<p>Al acceder al sitio web de MelStugg, aceptas cumplir con estos t\u00e9rminos de servicio, todas las leyes y regulaciones aplicables, y aceptas ser responsable de cumplir con todas las leyes locales correspondientes. Si no est\u00e1s de acuerdo con alguno de estos t\u00e9rminos, queda prohibido utilizar o acceder a este sitio. Los materiales contenidos en este sitio est\u00e1n protegidos por las leyes de derechos de autor y marcas comerciales aplicables.<\/p>\n<ol start=\"2\">\n<li>\n<h6>Uso de la licencia<\/h6>\n<\/li>\n<\/ol>\n<p>Se te concede permiso para descargar temporalmente una copia de los materiales (informaci\u00f3n o software) en el sitio web de MelStugg, solo para visualizaci\u00f3n personal y no comercial. Esto constituye una concesi\u00f3n de licencia, no una transferencia de titularidad y, bajo esta licencia, no puedes:<\/p>\n<ul>\n<li>Modificar o copiar los materiales.<\/li>\n<li>Utilizar los materiales con fines comerciales o para exhibici\u00f3n p\u00fablica (comercial o no comercial).<\/li>\n<li>Intentar descompilar o realizar ingenier\u00eda inversa de cualquier software contenido en el sitio web de MelStugg.<\/li>\n<li>Eliminar cualquier derecho de autor u otras notaciones de propiedad de los materiales.<\/li>\n<li>Transferir los materiales a otra persona o \u00abespejar\u00bb los materiales en cualquier otro servidor.<\/li>\n<\/ul>\n<p>Esta licencia se rescindir\u00e1 autom\u00e1ticamente si violas alguna de estas restricciones y puede ser rescindida por MelStugg en cualquier momento. Al finalizar la visualizaci\u00f3n de estos materiales o al finalizar esta licencia, debes eliminar todos los materiales descargados en tu posesi\u00f3n, ya sea en formato electr\u00f3nico o impreso.<\/p>\n<ol start=\"3\">\n<li>\n<h6>Renuncia de responsabilidad<\/h6>\n<\/li>\n<\/ol>\n<p>Los materiales en el sitio web de MelStugg se proporcionan \u00abtal cual\u00bb. MelStugg no ofrece garant\u00edas, expresas o impl\u00edcitas, y por la presente renuncia y niega todas las dem\u00e1s garant\u00edas, incluidas, entre otras, las garant\u00edas impl\u00edcitas o condiciones de comercializaci\u00f3n, idoneidad para un prop\u00f3sito particular o no infracci\u00f3n de derechos de propiedad intelectual u otra violaci\u00f3n de derechos. Adem\u00e1s, MelStugg no garantiza ni hace ninguna representaci\u00f3n con respecto a la precisi\u00f3n, los resultados probables o la confiabilidad del uso de los materiales en su sitio web o de cualquier otro modo relacionado con estos materiales o en los sitios vinculados a este sitio.<\/p>\n<ol start=\"4\">\n<li>\n<h6>Limitaciones<\/h6>\n<\/li>\n<\/ol>\n<p>En ning\u00fan caso MelStugg o sus proveedores ser\u00e1n responsables de ning\u00fan da\u00f1o (incluidos, entre otros, da\u00f1os por p\u00e9rdida de datos o beneficios, o debido a la interrupci\u00f3n del negocio) derivados del uso o la incapacidad de utilizar los materiales en MelStugg, incluso si MelStugg o un representante autorizado de MelStugg ha sido notificado oralmente o por escrito de la posibilidad de tales da\u00f1os. Dado que algunas jurisdicciones no permiten limitaciones de garant\u00edas impl\u00edcitas o limitaciones de responsabilidad por da\u00f1os consecuentes o incidentales, es posible que estas limitaciones no se apliquen a tu caso.<\/p>\n<ol start=\"5\">\n<li>\n<h6>Precisi\u00f3n de los materiales<\/h6>\n<\/li>\n<\/ol>\n<p>Los materiales mostrados en el sitio web de MelStugg pueden incluir errores t\u00e9cnicos, tipogr\u00e1ficos o fotogr\u00e1ficos. MelStugg no garantiza que cualquier material en su sitio sea preciso, completo o actual. MelStugg puede realizar cambios en los materiales contenidos en su sitio en cualquier momento, sin previo aviso. Sin embargo, MelStugg no se compromete a actualizar los materiales.<\/p>\n<ol start=\"6\">\n<li>\n<h6>Enlaces<\/h6>\n<\/li>\n<\/ol>\n<p>MelStugg no ha revisado todos los sitios vinculados a su sitio y no es responsable del contenido de ning\u00fan sitio vinculado. La inclusi\u00f3n de cualquier enlace no implica un respaldo por parte de MelStugg del sitio. El uso de cualquier sitio vinculado es responsabilidad del usuario y corre por su cuenta y riesgo.<\/p>\n<h6>Modificaciones<\/h6>\n<p>MelStugg puede revisar estos t\u00e9rminos de servicio del sitio en cualquier momento, sin previo aviso. Al utilizar este sitio, aceptas quedar vinculado por la versi\u00f3n actual de estos t\u00e9rminos de servicio.<\/p>\n<h6>Ley aplicable<\/h6>\n<p>Estos t\u00e9rminos y condiciones est\u00e1n regidos e interpretados de acuerdo con las leyes de MelStugg, y te sometes irrevocablemente a la jurisdicci\u00f3n exclusiva de los tribunales en dicho estado o localidad.<\/p>\n<\/div>\n<\/div>\n<\/div>\n<\/div>\n<\/div>\n<\/div>","protected":false},"excerpt":{"rendered":"<p>T\u00e9rminos Al acceder al sitio web de MelStugg, aceptas cumplir con estos t\u00e9rminos de servicio, todas las leyes y regulaciones aplicables, y aceptas ser responsable de cumplir con todas las leyes locales correspondientes. Si no est\u00e1s de acuerdo con alguno de estos t\u00e9rminos, queda prohibido utilizar o acceder a este sitio. Los materiales contenidos en [&hellip;]<\/p>","protected":false},"author":1,"featured_media":0,"parent":0,"menu_order":0,"comment_status":"closed","ping_status":"closed","template":"","meta":{"_joinchat":[],"footnotes":""},"class_list":["post-8","page","type-page","status-publish","hentry"],"_links":{"self":[{"href":"https:\/\/melstugg.com\/pt\/wp-json\/wp\/v2\/pages\/8","targetHints":{"allow":["GET"]}}],"collection":[{"href":"https:\/\/melstugg.com\/pt\/wp-json\/wp\/v2\/pages"}],"about":[{"href":"https:\/\/melstugg.com\/pt\/wp-json\/wp\/v2\/types\/page"}],"author":[{"embeddable":true,"href":"https:\/\/melstugg.com\/pt\/wp-json\/wp\/v2\/users\/1"}],"replies":[{"embeddable":true,"href":"https:\/\/melstugg.com\/pt\/wp-json\/wp\/v2\/comments?post=8"}],"version-history":[{"count":1,"href":"https:\/\/melstugg.com\/pt\/wp-json\/wp\/v2\/pages\/8\/revisions"}],"predecessor-version":[{"id":3116,"href":"https:\/\/melstugg.com\/pt\/wp-json\/wp\/v2\/pages\/8\/revisions\/3116"}],"wp:attachment":[{"href":"https:\/\/melstugg.com\/pt\/wp-json\/wp\/v2\/media?parent=8"}],"curies":[{"name":"wp","href":"https:\/\/api.w.org\/{rel}","templated":true}]}}