{"id":3,"date":"2023-06-03T16:40:16","date_gmt":"2023-06-03T16:40:16","guid":{"rendered":"https:\/\/melstugg.com\/?page_id=3"},"modified":"2023-07-18T11:46:01","modified_gmt":"2023-07-18T14:46:01","slug":"aviso-de-privacidad","status":"publish","type":"page","link":"https:\/\/melstugg.com\/pt\/aviso-de-privacidad\/","title":{"rendered":"Aviso de privacidade"},"content":{"rendered":"<p>Tu privacidad es importante para nosotros. En <strong>MelStugg<\/strong>, es nuestra pol\u00edtica respetar tu privacidad en relaci\u00f3n con cualquier informaci\u00f3n que podamos recopilar en el sitio web de <strong>MelStugg<\/strong> y otros sitios que poseemos y operamos.<\/p>\n<p>Solicitamos informaci\u00f3n personal solo cuando realmente la necesitamos para brindarte un servicio. Lo hacemos de manera justa y legal, con tu conocimiento y consentimiento. Tambi\u00e9n te informamos por qu\u00e9 recopilamos esa informaci\u00f3n y c\u00f3mo la utilizaremos.<\/p>\n<p>Solo conservamos la informaci\u00f3n recopilada durante el tiempo necesario para brindar el servicio solicitado. Cuando almacenamos datos, los protegemos de manera comercialmente aceptable para evitar p\u00e9rdidas, robos, acceso no autorizado, divulgaci\u00f3n, copia, uso o modificaci\u00f3n.<\/p>\n<p>No compartimos informaci\u00f3n de identificaci\u00f3n personal p\u00fablicamente ni con terceros, excepto cuando lo exige la ley.<\/p>\n<p>Nuestro sitio web puede contener enlaces a sitios externos que no son operados por nosotros. Ten en cuenta que no tenemos control sobre el contenido y las pr\u00e1cticas de estos sitios, y no podemos aceptar responsabilidad por sus respectivas pol\u00edticas de privacidad.<\/p>\n<p>Eres libre de rechazar nuestra solicitud de informaci\u00f3n personal, aunque debes entender que es posible que no podamos proporcionarte algunos de los servicios deseados.<\/p>\n<p>El uso continuado de nuestro sitio web se considerar\u00e1 como aceptaci\u00f3n de nuestras pr\u00e1cticas de privacidad y manejo de informaci\u00f3n personal. Si tienes alguna pregunta sobre c\u00f3mo manejamos los datos de los usuarios y la informaci\u00f3n personal, cont\u00e1ctanos.<\/p>\n<ul>\n<li>El servicio de Google AdSense que utilizamos para mostrar publicidad utiliza una cookie DoubleClick para ofrecer anuncios relevantes en toda la web y limitar la cantidad de veces que se muestra un determinado anuncio.<\/li>\n<li>Para obtener m\u00e1s informaci\u00f3n sobre Google AdSense, consulta las preguntas frecuentes oficiales sobre privacidad de Google AdSense.<\/li>\n<li>Utilizamos anuncios para compensar los costos de operaci\u00f3n de este sitio web y proporcionar financiamiento para futuros desarrollos. Las cookies de publicidad conductual utilizadas en este sitio web est\u00e1n dise\u00f1adas para garantizar que se te muestren los anuncios m\u00e1s relevantes posible, rastreando tus intereses de forma an\u00f3nima y presentando cosas similares que puedan ser de tu inter\u00e9s.<\/li>\n<li>Varios socios publicitan en nuestro nombre y las cookies de seguimiento de afiliados simplemente nos permiten verificar si nuestros clientes accedieron al sitio a trav\u00e9s de uno de los sitios de nuestros socios, para poder acreditarlos adecuadamente y, cuando corresponda, permitir que nuestros socios afiliados ofrezcan cualquier promoci\u00f3n que pueda proporcionarte al realizar una compra.<\/li>\n<\/ul>\n<h6>Compromiso del Usuario:<\/h6>\n<p>El usuario se compromete a hacer un uso adecuado de los contenidos y la informaci\u00f3n que <strong>MelStugg<\/strong> ofrece en el sitio web, incluyendo, pero no limit\u00e1ndose a:<\/p>\n<p>A) No participar en actividades ilegales o contrarias a la buena fe y al orden p\u00fablico.<br \/>\nB) No difundir propaganda o contenido de naturaleza racista, xen\u00f3foba, de apuestas o azar, pornograf\u00eda ilegal, apolog\u00eda del terrorismo o en contra de los derechos humanos.<br \/>\nC) No causar da\u00f1os a los sistemas f\u00edsicos (hardware) y l\u00f3gicos (software) de <strong>MelStugg<\/strong>, sus proveedores o terceros, ni introducir o propagar virus inform\u00e1ticos u otros sistemas de hardware o software que puedan causar los da\u00f1os mencionados anteriormente.<\/p>\n<h6>M\u00e1s informaci\u00f3n:<\/h6>\n<p>Esperamos que todo est\u00e9 claro y, como se mencion\u00f3 anteriormente, si hay algo de lo que no est\u00e1s seguro si necesitas o no, generalmente es m\u00e1s seguro dejar las cookies activadas, en caso de que interact\u00faes con una de las funciones que utilizas en nuestro sitio web.<\/p>\n<p>Esta pol\u00edtica es efectiva a partir del 5 de junio de 2023 a las 16:19.<\/p>","protected":false},"excerpt":{"rendered":"<p>Tu privacidad es importante para nosotros. En MelStugg, es nuestra pol\u00edtica respetar tu privacidad en relaci\u00f3n con cualquier informaci\u00f3n que podamos recopilar en el sitio web de MelStugg y otros sitios que poseemos y operamos. Solicitamos informaci\u00f3n personal solo cuando realmente la necesitamos para brindarte un servicio. Lo hacemos de manera justa y legal, con [&hellip;]<\/p>","protected":false},"author":1,"featured_media":0,"parent":0,"menu_order":0,"comment_status":"closed","ping_status":"closed","template":"","meta":{"_joinchat":[],"footnotes":""},"class_list":["post-3","page","type-page","status-publish","hentry"],"_links":{"self":[{"href":"https:\/\/melstugg.com\/pt\/wp-json\/wp\/v2\/pages\/3","targetHints":{"allow":["GET"]}}],"collection":[{"href":"https:\/\/melstugg.com\/pt\/wp-json\/wp\/v2\/pages"}],"about":[{"href":"https:\/\/melstugg.com\/pt\/wp-json\/wp\/v2\/types\/page"}],"author":[{"embeddable":true,"href":"https:\/\/melstugg.com\/pt\/wp-json\/wp\/v2\/users\/1"}],"replies":[{"embeddable":true,"href":"https:\/\/melstugg.com\/pt\/wp-json\/wp\/v2\/comments?post=3"}],"version-history":[{"count":2,"href":"https:\/\/melstugg.com\/pt\/wp-json\/wp\/v2\/pages\/3\/revisions"}],"predecessor-version":[{"id":3114,"href":"https:\/\/melstugg.com\/pt\/wp-json\/wp\/v2\/pages\/3\/revisions\/3114"}],"wp:attachment":[{"href":"https:\/\/melstugg.com\/pt\/wp-json\/wp\/v2\/media?parent=3"}],"curies":[{"name":"wp","href":"https:\/\/api.w.org\/{rel}","templated":true}]}}